{"id":9,"date":"2014-05-03T21:53:43","date_gmt":"2014-05-03T21:53:43","guid":{"rendered":"http:\/\/rightplacecall.com\/?page_id=9"},"modified":"2022-05-31T11:58:25","modified_gmt":"2022-05-31T11:58:25","slug":"accueil1","status":"publish","type":"page","link":"https:\/\/www5.rightplacecall.com\/","title":{"rendered":"Accueil"},"content":{"rendered":"<\/div><\/div><\/div><!-- close content main div --><\/div><\/div><div id='full_slider_1' class='avia-fullwidth-slider main_color avia-shadow  container_wrap fullsize'   ><div  data-size='featured'  data-lightbox_size='large'  data-animation='fade'  data-ids='396,387,389'  data-video_counter='0'  data-autoplay='true'  data-bg_slider='false'  data-slide_height=''  data-handle='av_slideshow_full'  data-interval='5'  data-class=' '  data-css_id=''  data-scroll_down=''  data-control_layout='av-control-default'  data-custom_markup=''  data-perma_caption=''  data-autoplay_stopper=''  data-image_attachment=''  data-src=''  data-position='top left'  data-repeat='no-repeat'  data-attach='scroll'  data-stretch=''  data-default-height='28.666666666667'  class='avia-slideshow avia-slideshow-1  av-control-default av-default-height-applied avia-slideshow-featured av_slideshow_full   avia-fade-slider '  itemscope=\"itemscope\" itemtype=\"https:\/\/schema.org\/ImageObject\" ><ul class='avia-slideshow-inner' style='padding-bottom: 28.666666666667%;'><li  class=' slide-1 ' ><div data-rel='slideshow-1' class='avia-slide-wrap'  ><div class = \"caption_fullwidth av-slideshow-caption caption_left caption_left_framed caption_framed\"><div class = \"container caption_container\"><div class = \"slideshow_caption\"><div class = \"slideshow_inner_caption\"><div class = \"slideshow_align_caption\"><h2  class='avia-caption-title'  itemprop=\"name\" >Outsourcer est notre m\u00e9tier<\/h2><div class='avia-caption-content '  itemprop=\"description\"  ><p>RightPlaceCall vous propose des solutions externalis\u00e9es<\/p>\n<\/div><\/div><\/div><\/div><\/div><\/div><img src='https:\/\/www5.rightplacecall.com\/wp-content\/uploads\/2014\/05\/1367051449call_center-02-e1386008445632-1-1500x430.jpg' width='1500' height='430' title='1367051449call_center-02-e1386008445632-1' alt=''  itemprop=\"contentURL\"  \/><\/div><\/li><li  class=' slide-2 ' ><div data-rel='slideshow-1' class='avia-slide-wrap'  ><div class = \"caption_fullwidth av-slideshow-caption caption_left caption_left_framed caption_framed\"><div class = \"container caption_container\"><div class = \"slideshow_caption\"><div class = \"slideshow_inner_caption\"><div class = \"slideshow_align_caption\"><h2  class='avia-caption-title'  itemprop=\"name\" >Des solutions adapt\u00e9es<\/h2><div class='avia-caption-content '  itemprop=\"description\"  ><p>RightPlaceCall vous propose des solutions d&rsquo;externalisation et de relations clients adapt\u00e9es \u00e0 vos besoins et votre activit\u00e9.<\/p>\n<\/div><a href='https:\/\/www5.rightplacecall.com\/?page_id=21'  class='avia-slideshow-button avia-button avia-color-grey ' data-duration='800' data-easing='easeInOutQuad'>En savoir plus<\/a><\/div><\/div><\/div><\/div><\/div><img src='https:\/\/www5.rightplacecall.com\/wp-content\/uploads\/2014\/05\/services_callcenter_1920-1500x430.jpg' width='1500' height='430' title='services_callcenter_1920' alt=''  itemprop=\"contentURL\"  \/><\/div><\/li><li  class=' slide-3 ' ><div data-rel='slideshow-1' class='avia-slide-wrap'  ><div class = \"caption_fullwidth av-slideshow-caption caption_center caption_center_framed caption_framed\"><div class = \"container caption_container\"><div class = \"slideshow_caption\"><div class = \"slideshow_inner_caption\"><div class = \"slideshow_align_caption\"><h2  class='avia-caption-title'  itemprop=\"name\" >Une plateforme technique ouverte<\/h2><div class='avia-caption-content '  itemprop=\"description\"  ><p>RightPlaceCall vous offre les niveaux de s\u00e9curit\u00e9 attendus tout en vous donnant la souplesse que vous requ\u00e9rez.<\/p>\n<\/div><\/div><\/div><\/div><\/div><\/div><img src='https:\/\/www5.rightplacecall.com\/wp-content\/uploads\/2014\/05\/fMOuaCV-1500x430.jpg' width='1500' height='430' title='fMOuaCV' alt=''  itemprop=\"contentURL\"  \/><\/div><\/li><\/ul><div class='avia-slideshow-arrows avia-slideshow-controls'><a href='#prev' class='prev-slide' aria-hidden='true' data-av_icon='\ue87c' data-av_iconfont='entypo-fontello'>Pr\u00e9c\u00e9dent<\/a><a href='#next' class='next-slide' aria-hidden='true' data-av_icon='\ue87d' data-av_iconfont='entypo-fontello'>Suivant<\/a><\/div><div class='avia-slideshow-dots avia-slideshow-controls'><a href='#1' class='goto-slide active' >1<\/a><a href='#2' class='goto-slide ' >2<\/a><a href='#3' class='goto-slide ' >3<\/a><\/div><\/div><\/div>\n<div class=\"flex_column av_one_third  flex_column_div first  \" ><article class=\"iconbox iconbox_left  \"  itemscope=\"itemscope\" itemtype=\"https:\/\/schema.org\/CreativeWork\" ><div class=\"iconbox_content\"><header class=\"entry-content-header\"><div class=\"iconbox_icon heading-color\" aria-hidden='true' data-av_icon='\ue824' data-av_iconfont='entypo-fontello'  ><\/div><h3 class='iconbox_content_title'  itemprop=\"headline\"  >S\u00e9curit\u00e9<\/h3><\/header><div class='iconbox_content_container '  itemprop=\"text\"  ><ul>\n<li>13 ans d\u2019exp\u00e9rience et de fid\u00e9lit\u00e9 Grands Comptes (cf. R\u00e9f\u00e9rences 1)<\/li>\n<li>Actionnariat stable et lisible\u00a0 (100% fondateurs)<\/li>\n<li>Finances solides, 0 dettes, 7 ans de r\u00e9sultats positifs<\/li>\n<li>Processus d\u2019exportation de donn\u00e9es hors UE d\u00e9pos\u00e9 \u00e0 la CNIL (N\u00b0 1335994)<\/li>\n<li>Accr\u00e9ditation ORIAS (N\u00b0 13001361) (Registre Officiel Interm\u00e9diaires Banques Assurances)<\/li>\n<li>Infrastructures Informatiques et Telecom redond\u00e9es<\/li>\n<li>Infrastructure internationale d\u00e9di\u00e9e, sur Fibre Optique<\/li>\n<li>Serveurs en mode private Cloud<\/li>\n<li>C\u0153ur de r\u00e9seau h\u00e9berg\u00e9 en Data Center certifi\u00e9 Tier 3 (niveau op\u00e9rateurs)<\/li>\n<li>Transparence des donn\u00e9es de production (KPI et \u00e9coutes en ligne)<\/li>\n<li>Politique 0 papier<\/li>\n<li>Contr\u00f4les d\u2019acc\u00e8s biom\u00e9triques<\/li>\n<li>Syst\u00e8me compatible PCI DSS (arr\u00eat enregistrement sur donn\u00e9es sensibles)<\/li>\n<\/ul>\n<\/div><\/div><footer class=\"entry-footer\"><\/footer><\/article><\/div>\n<div class=\"flex_column av_one_third  flex_column_div av-zero-column-padding   \" style='border-radius:0px; '><article class=\"iconbox iconbox_left  \"  itemscope=\"itemscope\" itemtype=\"https:\/\/schema.org\/CreativeWork\" ><div class=\"iconbox_content\"><header class=\"entry-content-header\"><a href='https:\/\/www5.rightplacecall.com\/?page_id=21' title='Qualit\u00e9'  class=\"iconbox_icon heading-color\" aria-hidden='true' data-av_icon='\ue82b' data-av_iconfont='entypo-fontello'  ><\/a><h3 class='iconbox_content_title'  itemprop=\"headline\"  ><a href='https:\/\/www5.rightplacecall.com\/?page_id=21' title='Qualit\u00e9' >Qualit\u00e9<\/a><\/h3><\/header><div class='iconbox_content_container '  itemprop=\"text\"  ><ul>\n<li>Syst\u00e8me de management de la qualit\u00e9 certifi\u00e9 <strong>ISO 9001<\/strong> dans sa toute derni\u00e8re version 2015<\/li>\n<li>Meilleure implantation<\/li>\n<li>Casablanca, plus grand bassin d\u2019emploi off shore<\/li>\n<li>Quartier des Si\u00e8ges bancaires pour le niveau d\u2019Infrastructures Fibre et Energie<\/li>\n<li>Centre ville, \u00e0 c\u00f4t\u00e9 du plus grand espace vert, au pied du tramway, avec restaurant et m\u00e9decin d\u2019entreprise, ratio m2\/salari\u00e9 aux normes am\u00e9ricaines<\/li>\n<li>Moyens regroup\u00e9s sur 3.500m2 en 3 plateaux de 1000m2 et Relax Area de 500m2 pour l\u2019efficacit\u00e9<\/li>\n<li>720 positions de travail aux normes europ\u00e9ennes<\/li>\n<li>7 salles de vid\u00e9o projection<\/li>\n<li>80 bureaux de Team managers<\/li>\n<li>25 bureau de Project Managers<\/li>\n<li>3 open space free use au service des d\u00e9partements Qualit\u00e9 et Formation<\/li>\n<li>Sourcing \u00e0 filtres crois\u00e9s<\/li>\n<li>Formation Initiale et continue par \u00ab\u00a0coach\u00a0produit\u00a0\u00bb<\/li>\n<li>Management responsabilisant \u00e0 tous les niveaux hi\u00e9rarchiques<\/li>\n<li>R\u00e9mun\u00e9rations sup\u00e9rieures au march\u00e9; incentives volumes ET qualit\u00e9<\/li>\n<\/ul>\n<\/div><\/div><footer class=\"entry-footer\"><\/footer><\/article><\/div><div class=\"flex_column av_one_third  flex_column_div av-zero-column-padding   \" style='border-radius:0px; '><article class=\"iconbox iconbox_left  \"  itemscope=\"itemscope\" itemtype=\"https:\/\/schema.org\/CreativeWork\" ><div class=\"iconbox_content\"><header class=\"entry-content-header\"><div class=\"iconbox_icon heading-color\" aria-hidden='true' data-av_icon='\ue80c' data-av_iconfont='entypo-fontello'  ><\/div><h3 class='iconbox_content_title'  itemprop=\"headline\"  >Responsabilit\u00e9<\/h3><\/header><div class='iconbox_content_container '  itemprop=\"text\"  ><ul>\n<li class=\"p1\"><span class=\"s1\"> Evalu\u00e9<b> \u00ab\u00a0Engag\u00e9 RSE \u00bb <\/b>par<b> l\u2019AFNOR<\/b><\/span><\/li>\n<li>Conscient de sa\u00a0 responsabilit\u00e9 Sociale et Environnementale RightPlaceCall entend ma\u00eetriser les impacts li\u00e9s \u00e0 ses activit\u00e9s et aux interactions de celles-ci avec leurs parties prenantes internes et externes (employ\u00e9s, clients, voisins, ONG, autorit\u00e9s publiques, etc.)<\/li>\n<li>Cette contribution de RightPlaceCall aux enjeux environnementaux, sociaux et \u00e9conomiques du d\u00e9veloppement durable qui conduit \u00e0 \u00ab\u00a0agir local et penser global\u00a0\u00bb couvre<\/li>\n<li>la qualit\u00e9 des fili\u00e8res d&rsquo;approvisionnement de RightPlaceCall<\/li>\n<li>le bien-\u00eatre de ses salari\u00e9s, leur sant\u00e9, leur d\u00e9veloppement personnel<\/li>\n<li>l\u2019empreinte \u00e9cologique de la soci\u00e9t\u00e9, etc.<\/li>\n<li>Elle se traduit concr\u00e8tement par un triple engagement de RightPlaceCall aupr\u00e8s de ses clients et partenaires pour un monde plus Vert, plus S\u00fbr et plus Solidaire!<\/li>\n<li>RightPlaceCall est participant du Globalcompact de l\u2019ONU<\/li>\n<\/ul>\n<\/div><\/div><footer class=\"entry-footer\"><\/footer><\/article><\/div><\/p>\n","protected":false},"excerpt":{"rendered":"","protected":false},"author":7,"featured_media":0,"parent":0,"menu_order":0,"comment_status":"open","ping_status":"closed","template":"","meta":[],"_links":{"self":[{"href":"https:\/\/www5.rightplacecall.com\/index.php?rest_route=\/wp\/v2\/pages\/9"}],"collection":[{"href":"https:\/\/www5.rightplacecall.com\/index.php?rest_route=\/wp\/v2\/pages"}],"about":[{"href":"https:\/\/www5.rightplacecall.com\/index.php?rest_route=\/wp\/v2\/types\/page"}],"author":[{"embeddable":true,"href":"https:\/\/www5.rightplacecall.com\/index.php?rest_route=\/wp\/v2\/users\/7"}],"replies":[{"embeddable":true,"href":"https:\/\/www5.rightplacecall.com\/index.php?rest_route=%2Fwp%2Fv2%2Fcomments&post=9"}],"version-history":[{"count":10,"href":"https:\/\/www5.rightplacecall.com\/index.php?rest_route=\/wp\/v2\/pages\/9\/revisions"}],"predecessor-version":[{"id":5386,"href":"https:\/\/www5.rightplacecall.com\/index.php?rest_route=\/wp\/v2\/pages\/9\/revisions\/5386"}],"wp:attachment":[{"href":"https:\/\/www5.rightplacecall.com\/index.php?rest_route=%2Fwp%2Fv2%2Fmedia&parent=9"}],"curies":[{"name":"wp","href":"https:\/\/api.w.org\/{rel}","templated":true}]}}