{"id":67,"date":"2014-05-04T01:26:22","date_gmt":"2014-05-04T01:26:22","guid":{"rendered":"http:\/\/rightplacecall.com\/?page_id=67"},"modified":"2022-05-31T11:54:54","modified_gmt":"2022-05-31T11:54:54","slug":"recrutement","status":"publish","type":"page","link":"https:\/\/www5.rightplacecall.com\/?page_id=67","title":{"rendered":"Recrutement"},"content":{"rendered":"<\/div><\/div><\/div><!-- close content main div --><\/div><\/div><div id='full_slider_1' class='avia-fullwidth-slider main_color avia-shadow  container_wrap fullsize'   ><\/div>\n<div class=\"flex_column av_one_half  flex_column_div first  \" ><div class='avia-icon-list-container '><ul class='avia-icon-list avia-icon-list-left av-iconlist-big avia_animate_when_almost_visible'>\n<li><div  class='iconlist_icon avia-font-entypo-fontello'><span class='iconlist-char' aria-hidden='true' data-av_icon='\ue806' data-av_iconfont='entypo-fontello'><\/span><\/div><article class=\"article-icon-entry \"  itemscope=\"itemscope\" itemtype=\"https:\/\/schema.org\/CreativeWork\" ><div class='iconlist_content_wrap'><header class=\"entry-content-header\"><h4 class='iconlist_title'  itemprop=\"headline\"  >Vous aimez le contact<\/h4><\/header><div class='iconlist_content '  itemprop=\"text\"  ><p>Echanger, convaincre, apporter l&rsquo;assistance attendue par votre interlocuteur<\/p>\n<\/div><\/div><footer class=\"entry-footer\"><\/footer><\/article><div class='iconlist-timeline'><\/div><\/li>\n<li><div  class='iconlist_icon avia-font-entypo-fontello'><span class='iconlist-char' aria-hidden='true' data-av_icon='\ue80b' data-av_iconfont='entypo-fontello'><\/span><\/div><article class=\"article-icon-entry \"  itemscope=\"itemscope\" itemtype=\"https:\/\/schema.org\/CreativeWork\" ><div class='iconlist_content_wrap'><header class=\"entry-content-header\"><h4 class='iconlist_title'  itemprop=\"headline\"  >Travailler en \u00e9quipe<\/h4><\/header><div class='iconlist_content '  itemprop=\"text\"  ><p>Atteindre des objectifs globaux et motivez votre groupe<\/p>\n<\/div><\/div><footer class=\"entry-footer\"><\/footer><\/article><div class='iconlist-timeline'><\/div><\/li>\n<li><div  class='iconlist_icon avia-font-entypo-fontello'><span class='iconlist-char' aria-hidden='true' data-av_icon='\ue841' data-av_iconfont='entypo-fontello'><\/span><\/div><article class=\"article-icon-entry \"  itemscope=\"itemscope\" itemtype=\"https:\/\/schema.org\/CreativeWork\" ><div class='iconlist_content_wrap'><header class=\"entry-content-header\"><h4 class='iconlist_title'  itemprop=\"headline\"  >Prendre des d\u00e9cisions<\/h4><\/header><div class='iconlist_content '  itemprop=\"text\"  ><p>A titre personnel et pour le collectif<\/p>\n<\/div><\/div><footer class=\"entry-footer\"><\/footer><\/article><div class='iconlist-timeline'><\/div><\/li>\n<\/ul><\/div><\/div>\n<div class=\"flex_column av_one_half  flex_column_div   \" ><article class=\"iconbox iconbox_left  \"  itemscope=\"itemscope\" itemtype=\"https:\/\/schema.org\/CreativeWork\" ><div class=\"iconbox_content\"><header class=\"entry-content-header\"><div class=\"iconbox_icon heading-color\" aria-hidden='true' data-av_icon='\ue845' data-av_iconfont='entypo-fontello'  ><\/div><h3 class='iconbox_content_title'  itemprop=\"headline\"  ><a href='https:\/\/www5.rightplacecall.com\/?page_id=71' title='Consulter nos offres d\u2019emplois'  >Consulter nos offres d\u2019emplois<\/a><\/h3><\/header><div class='iconbox_content_container '  itemprop=\"text\"  ><p>RightPlaceCall recherche en permanence\u00a0des collaborateurs pr\u00eats \u00e0 s&rsquo;engager, dans un esprit de responsabilit\u00e9, pour offrir \u00e0 ses clients des services innovants,\u00a0s\u00fbrs et\u00a0\u00a0de qualit\u00e9.<\/p>\n<p>Rejoignez la \u00ab\u00a0famille\u00a0\u00bb RPC Morocco, et faites v\u00f4tres ses valeurs soci\u00e9t\u00e9 \u00ab\u00a0Excellence, Loyaut\u00e9, Justice, Partage\u00a0\u00bb.<\/p>\n<p>Venez contribuer avec RightPlaceCall aux enjeux environnementaux, sociaux et \u00e9conomiques du d\u00e9veloppement durable par des actions concr\u00e8tes pour un monde plus s\u00fbr, plus vert et plus solidaire.<\/p>\n<p>Rejoignez un groupe international de plus de 800 collaborateurs, o\u00f9 vous recevrez la l\u00e9gitime r\u00e9tribution de vos efforts dans le cadre d&rsquo;un plan de carri\u00e8re motivant et transparent.<\/p>\n<div class='avia-button-wrap avia-button-left '><a href='https:\/\/www5.rightplacecall.com\/?page_id=71' class='avia-button  avia-icon_select-yes-left-icon avia-color-theme-color avia-size-medium avia-position-left '   ><span class='avia_button_icon avia_button_icon_left ' aria-hidden='true' data-av_icon='\ue871' data-av_iconfont='entypo-fontello'><\/span><span class='avia_iconbox_title' >Consulter nos offres<\/span><\/a><\/div>\n<\/div><\/div><footer class=\"entry-footer\"><\/footer><\/article><\/div>\n","protected":false},"excerpt":{"rendered":"","protected":false},"author":7,"featured_media":0,"parent":0,"menu_order":0,"comment_status":"open","ping_status":"closed","template":"","meta":[],"_links":{"self":[{"href":"https:\/\/www5.rightplacecall.com\/index.php?rest_route=\/wp\/v2\/pages\/67"}],"collection":[{"href":"https:\/\/www5.rightplacecall.com\/index.php?rest_route=\/wp\/v2\/pages"}],"about":[{"href":"https:\/\/www5.rightplacecall.com\/index.php?rest_route=\/wp\/v2\/types\/page"}],"author":[{"embeddable":true,"href":"https:\/\/www5.rightplacecall.com\/index.php?rest_route=\/wp\/v2\/users\/7"}],"replies":[{"embeddable":true,"href":"https:\/\/www5.rightplacecall.com\/index.php?rest_route=%2Fwp%2Fv2%2Fcomments&post=67"}],"version-history":[{"count":1,"href":"https:\/\/www5.rightplacecall.com\/index.php?rest_route=\/wp\/v2\/pages\/67\/revisions"}],"predecessor-version":[{"id":5349,"href":"https:\/\/www5.rightplacecall.com\/index.php?rest_route=\/wp\/v2\/pages\/67\/revisions\/5349"}],"wp:attachment":[{"href":"https:\/\/www5.rightplacecall.com\/index.php?rest_route=%2Fwp%2Fv2%2Fmedia&parent=67"}],"curies":[{"name":"wp","href":"https:\/\/api.w.org\/{rel}","templated":true}]}}