{"id":5388,"date":"2024-01-09T15:26:05","date_gmt":"2024-01-09T15:26:05","guid":{"rendered":"https:\/\/www5.rightplacecall.com\/?page_id=5388"},"modified":"2024-01-09T15:30:16","modified_gmt":"2024-01-09T15:30:16","slug":"ethique-compliance","status":"publish","type":"page","link":"https:\/\/www5.rightplacecall.com\/?page_id=5388","title":{"rendered":"Ethique &#038; Compliance"},"content":{"rendered":"\n<h1>Trade Compliance RightPlaceCall<\/h1>\n\n\n\n<p>La charte RSE RightPlaceCall nous aide \u00e0 promouvoir et \u00e0 cultiver des valeurs et des principes clairs concernant l\u2019int\u00e9grit\u00e9 des affaires \u00e0 tous les niveaux.<\/p>\n\n\n\n<p>RightPlaceCall s\u2019engage en interne, aupr\u00e8s de ses clients, de ses partenaires commerciaux, de ses fournisseurs, de la soci\u00e9t\u00e9, des organisations politiques, des autorit\u00e9s d\u2019\u00eatre conforme aux r\u00e9glementations dans le cadre de transactions nationales et internationales.<\/p>\n\n\n\n<p>Malgr\u00e9 le fait que les activit\u00e9s de la soci\u00e9t\u00e9 ne soient pas directement concern\u00e9es par le processus import\/export, la r\u00e8glementation douani\u00e8re ou les op\u00e9rations de transport international, RightPlaceCall a adopt\u00e9 une d\u00e9marche volontaire d\u2019am\u00e9lioration continue de tous ses processus \u00e0 travers :<\/p>\n\n\n\n<ul><li> Un syst\u00e8me de management de la qualit\u00e9 dont la conformit\u00e9 aux exigences de la norme 9001 version 2015 est audit\u00e9e annuellement en interne par les \u00e9quipes d\u2019audit interne, et en externe par Bureau Veritas. La norme a comme principe fondamental la conformit\u00e9 aux exigences l\u00e9gales et r\u00e8glementaires.<\/li><li> Une d\u00e9marche RSE qui a \u00e9t\u00e9 r\u00e9cemment \u00e9valu\u00e9e aux exigences de la norme ISO 26000 avec un score de 96\/100, l\u2019un des plus \u00e9lev\u00e9s accord\u00e9s par Bureau Veritas.<\/li><li><a href=\"https:\/\/www5.rightplacecall.com\/?page_id=5390\"> Un dispositif d\u2019alerte et de recueil des signalements.<\/a><\/li><li> Proc\u00e9dure d&rsquo;\u00e9valuation des tiers.<\/li><li> Une proc\u00e9dure de gestion des conflits d&rsquo;int\u00e9r\u00eat.<\/li><\/ul>\n","protected":false},"excerpt":{"rendered":"<p>Trade Compliance RightPlaceCall La charte RSE RightPlaceCall nous aide \u00e0 promouvoir et \u00e0 cultiver des valeurs et des principes clairs concernant l\u2019int\u00e9grit\u00e9 des affaires \u00e0 tous les niveaux. RightPlaceCall s\u2019engage en interne, aupr\u00e8s de ses clients, de ses partenaires commerciaux, de ses fournisseurs, de la soci\u00e9t\u00e9, des organisations politiques, des autorit\u00e9s d\u2019\u00eatre conforme aux r\u00e9glementations [&hellip;]<\/p>\n","protected":false},"author":7,"featured_media":0,"parent":0,"menu_order":0,"comment_status":"closed","ping_status":"closed","template":"","meta":[],"_links":{"self":[{"href":"https:\/\/www5.rightplacecall.com\/index.php?rest_route=\/wp\/v2\/pages\/5388"}],"collection":[{"href":"https:\/\/www5.rightplacecall.com\/index.php?rest_route=\/wp\/v2\/pages"}],"about":[{"href":"https:\/\/www5.rightplacecall.com\/index.php?rest_route=\/wp\/v2\/types\/page"}],"author":[{"embeddable":true,"href":"https:\/\/www5.rightplacecall.com\/index.php?rest_route=\/wp\/v2\/users\/7"}],"replies":[{"embeddable":true,"href":"https:\/\/www5.rightplacecall.com\/index.php?rest_route=%2Fwp%2Fv2%2Fcomments&post=5388"}],"version-history":[{"count":4,"href":"https:\/\/www5.rightplacecall.com\/index.php?rest_route=\/wp\/v2\/pages\/5388\/revisions"}],"predecessor-version":[{"id":5395,"href":"https:\/\/www5.rightplacecall.com\/index.php?rest_route=\/wp\/v2\/pages\/5388\/revisions\/5395"}],"wp:attachment":[{"href":"https:\/\/www5.rightplacecall.com\/index.php?rest_route=%2Fwp%2Fv2%2Fmedia&parent=5388"}],"curies":[{"name":"wp","href":"https:\/\/api.w.org\/{rel}","templated":true}]}}