{"id":146,"date":"2014-05-04T08:53:38","date_gmt":"2014-05-04T08:53:38","guid":{"rendered":"http:\/\/rightplacecall.com\/?page_id=146"},"modified":"2022-05-31T11:54:54","modified_gmt":"2022-05-31T11:54:54","slug":"presentation","status":"publish","type":"page","link":"https:\/\/www5.rightplacecall.com\/?page_id=146","title":{"rendered":"Pr\u00e9sentation"},"content":{"rendered":"<div class=\"flex_column av_one_half  flex_column_div first  \" ><section class=\"av_textblock_section\"  itemscope=\"itemscope\" itemtype=\"https:\/\/schema.org\/CreativeWork\" ><div class='avia_textblock '   itemprop=\"text\" ><p><span class=\"av_dropcap1 \" >R<\/span>ightPlaceCall Morocco est situ\u00e9e en plein coeur de Casablanca, plus grand bassin d&#8217;emploi du Maroc. Dans le quartier des Si\u00e8ges Bancaires, a proximit\u00e9 imm\u00e9diate du plus grand espace vert de la ville, facile d&rsquo;acc\u00e8s, \u00e0 \u00e9gale distance des deux gares et desservi par le tramway, le site de RightPlaceCall Morocco accueille aujourd&rsquo;hui plus de 800 collaborateurs sur 3000m2 dans des conditions de confort, de s\u00e9curit\u00e9 et de bien-\u00eatre aux normes occidentales.<\/p>\n<\/div><\/section><\/div><div class=\"flex_column av_one_half  flex_column_div   \" ><div id='av_gmap_1' class='avia-google-map-container' data-mapid='1' style='height: 250px;'><\/div><\/div><\/p>\n<div class=\"flex_column av_one_full  flex_column_div first  \" ><\/div>\n","protected":false},"excerpt":{"rendered":"","protected":false},"author":7,"featured_media":0,"parent":67,"menu_order":0,"comment_status":"closed","ping_status":"open","template":"","meta":[],"_links":{"self":[{"href":"https:\/\/www5.rightplacecall.com\/index.php?rest_route=\/wp\/v2\/pages\/146"}],"collection":[{"href":"https:\/\/www5.rightplacecall.com\/index.php?rest_route=\/wp\/v2\/pages"}],"about":[{"href":"https:\/\/www5.rightplacecall.com\/index.php?rest_route=\/wp\/v2\/types\/page"}],"author":[{"embeddable":true,"href":"https:\/\/www5.rightplacecall.com\/index.php?rest_route=\/wp\/v2\/users\/7"}],"replies":[{"embeddable":true,"href":"https:\/\/www5.rightplacecall.com\/index.php?rest_route=%2Fwp%2Fv2%2Fcomments&post=146"}],"version-history":[{"count":2,"href":"https:\/\/www5.rightplacecall.com\/index.php?rest_route=\/wp\/v2\/pages\/146\/revisions"}],"predecessor-version":[{"id":5346,"href":"https:\/\/www5.rightplacecall.com\/index.php?rest_route=\/wp\/v2\/pages\/146\/revisions\/5346"}],"up":[{"embeddable":true,"href":"https:\/\/www5.rightplacecall.com\/index.php?rest_route=\/wp\/v2\/pages\/67"}],"wp:attachment":[{"href":"https:\/\/www5.rightplacecall.com\/index.php?rest_route=%2Fwp%2Fv2%2Fmedia&parent=146"}],"curies":[{"name":"wp","href":"https:\/\/api.w.org\/{rel}","templated":true}]}}